{"id":98,"date":"2022-03-10T12:17:08","date_gmt":"2022-03-10T11:17:08","guid":{"rendered":"http:\/\/tennis-de-table-saint-ave.fr\/?page_id=98"},"modified":"2025-09-03T11:38:01","modified_gmt":"2025-09-03T09:38:01","slug":"tarifs-des-cotisations","status":"publish","type":"page","link":"https:\/\/tennis-de-table-saint-ave.fr\/index.php\/tarifs-des-cotisations\/","title":{"rendered":"Tarifs des cotisations"},"content":{"rendered":"<h2>Jeunes \u00e0 partir de 10 ans<\/h2>\n<ul>\n<li>\n<h4><strong>Promotionnelle Jeune (-16 ans) : 95\u20ac<\/strong><\/h4>\n<\/li>\n<li>\n<h4><strong>Traditionnelle Jeune (-16 ans) : 95<\/strong><strong>\u20ac<\/strong><strong> \u00a0\u00a0 (-10\u20ac pour sur la seconde licence dans la m\u00eame famille)<\/strong><\/h4>\n<\/li>\n<\/ul>\n<h2>Adultes\/\u00c9tudiants \u00ab Promo \u00bb (Loisir)<\/h2>\n<ul>\n<li>\n<h4><strong>Promotionnelle Adulte\/\u00c9tudiant : 95\u20ac<\/strong><\/h4>\n<\/li>\n<\/ul>\n<h4><strong>(-10\u20ac pour sur la seconde licence dans la m\u00eame famille\/couple\u2026)<\/strong><\/h4>\n<h2>Adultes \u00ab\u00a0Tradi\u00a0\u00bb (Comp\u00e9tition)<\/h2>\n<ul>\n<li>\n<h4><strong>Traditionnelle Adulte: 140\u20ac (+15\u20ac si crit\u00e9rium individuel)<\/strong><\/h4>\n<\/li>\n<li>\n<h4><strong>Junior (+16 ans)\/\u00c9tudiant: 130\u20ac(+15 euros si <em>criterium individuel)<\/em><br \/>\n<\/strong><\/h4>\n<\/li>\n<\/ul>\n<h4>(-10\u20ac pour sur la seconde licence dans la m\u00eame famille\/couple\u2026)<\/h4>\n<p style=\"text-align: center;\"><strong>IMPORTANT:<\/strong><\/p>\n<h5 style=\"text-align: center;\"><strong>\u00a0<\/strong><\/h5>\n<h5 style=\"text-align: center;\">Dans le cadre des mesures de s\u00e9curit\u00e9 li\u00e9es \u00e0 la situation sanitaire, nous pouvons \u00eatre contraints de limiter le nombre de nouvelles adh\u00e9sions et ainsi devoir restreindre le nombre de participants aux diff\u00e9rents cr\u00e9neaux du Mercredi soir.<\/h5>\n<hr \/>\n<p><img loading=\"lazy\" decoding=\"async\" src=\"http:\/\/tennis-de-table-saint-ave.fr\/wp-content\/uploads\/2022\/03\/LogoBandeauSite-300x82.png\" alt=\"\" class=\"size-medium wp-image-71 aligncenter\" width=\"300\" height=\"82\" srcset=\"https:\/\/tennis-de-table-saint-ave.fr\/wp-content\/uploads\/2022\/03\/LogoBandeauSite-300x82.png 300w, https:\/\/tennis-de-table-saint-ave.fr\/wp-content\/uploads\/2022\/03\/LogoBandeauSite.png 587w\" sizes=\"auto, (max-width: 300px) 100vw, 300px\" \/><\/p>\n","protected":false},"excerpt":{"rendered":"<p>Jeunes \u00e0 partir de 10 ans Promotionnelle Jeune (-16 ans) : 95\u20ac Traditionnelle Jeune (-16 ans) : 95\u20ac \u00a0\u00a0 (-10\u20ac pour sur la seconde licence dans la m\u00eame famille) Adultes\/\u00c9tudiants \u00ab Promo \u00bb (Loisir) Promotionnelle Adulte\/\u00c9tudiant : 95\u20ac (-10\u20ac pour sur la seconde licence dans la m\u00eame famille\/couple\u2026) Adultes \u00ab\u00a0Tradi\u00a0\u00bb [&hellip;]<\/p>\n","protected":false},"author":1,"featured_media":0,"parent":0,"menu_order":0,"comment_status":"closed","ping_status":"closed","template":"","meta":{"footnotes":""},"class_list":["post-98","page","type-page","status-publish","hentry"],"_links":{"self":[{"href":"https:\/\/tennis-de-table-saint-ave.fr\/index.php\/wp-json\/wp\/v2\/pages\/98","targetHints":{"allow":["GET"]}}],"collection":[{"href":"https:\/\/tennis-de-table-saint-ave.fr\/index.php\/wp-json\/wp\/v2\/pages"}],"about":[{"href":"https:\/\/tennis-de-table-saint-ave.fr\/index.php\/wp-json\/wp\/v2\/types\/page"}],"author":[{"embeddable":true,"href":"https:\/\/tennis-de-table-saint-ave.fr\/index.php\/wp-json\/wp\/v2\/users\/1"}],"replies":[{"embeddable":true,"href":"https:\/\/tennis-de-table-saint-ave.fr\/index.php\/wp-json\/wp\/v2\/comments?post=98"}],"version-history":[{"count":14,"href":"https:\/\/tennis-de-table-saint-ave.fr\/index.php\/wp-json\/wp\/v2\/pages\/98\/revisions"}],"predecessor-version":[{"id":513,"href":"https:\/\/tennis-de-table-saint-ave.fr\/index.php\/wp-json\/wp\/v2\/pages\/98\/revisions\/513"}],"wp:attachment":[{"href":"https:\/\/tennis-de-table-saint-ave.fr\/index.php\/wp-json\/wp\/v2\/media?parent=98"}],"curies":[{"name":"wp","href":"https:\/\/api.w.org\/{rel}","templated":true}]}}