{"id":90,"date":"2022-03-10T12:10:48","date_gmt":"2022-03-10T11:10:48","guid":{"rendered":"http:\/\/tennis-de-table-saint-ave.fr\/?page_id=90"},"modified":"2025-09-02T12:45:01","modified_gmt":"2025-09-02T10:45:01","slug":"ou-jouer-et-quand","status":"publish","type":"page","link":"https:\/\/tennis-de-table-saint-ave.fr\/index.php\/ou-jouer-et-quand\/","title":{"rendered":"O\u00f9 jouer et Quand?"},"content":{"rendered":"<h2><\/h2>\n<h2 style=\"text-align: center;\">Les entra\u00eenements dirig\u00e9s<\/h2>\n<h4 style=\"text-align: center;\">hors vacances scolaires<\/h4>\n<h3 style=\"text-align: center;\">Ils se d\u00e9roulent le Mercredi \u00e0 partir de 18H15 dans la salle \u00ab\u00a0<strong>Pierre Le Nouail<\/strong>\u00a0\u00bb (la salle du bas \u00e0 c\u00f4t\u00e9 du terrain de football).<\/h3>\n<h3 style=\"text-align: center;\">Ils seront encadr\u00e9s par des membres du club<\/h3>\n<blockquote>\n<h3 style=\"text-align: center;\"><strong>De 18H15 \u00e0 19H45<\/strong><\/h3>\n<\/blockquote>\n<h3 style=\"text-align: center;\">ouverts \u00e0 tous les jeunes, (\u00e0 partir de 10 ans) d\u00e9butants et d\u00e9j\u00e0 exp\u00e9riment\u00e9s, avec une licence<\/h3>\n<h3 style=\"text-align: center;\">dite \u00ab promotionnelle \u00bb (loisir) ou traditionnelle (comp\u00e9tition).<\/h3>\n<p>&nbsp;<\/p>\n<p>&nbsp;<\/p>\n<p>&nbsp;<\/p>\n<h4 style=\"text-align: center;\"><strong>\u00a0puis\u00a0 De 19H45\/20H \u00e0 20H45 des exercises seront proposes<\/strong><\/h4>\n<p>&nbsp;<\/p>\n<p>&nbsp;<\/p>\n<h3>aux les adultes ou jeunes d\u00e9sireux de \u00ab taper la balle \u00bb<\/h3>\n<h3 style=\"text-align: center;\">en club, ce cr\u00e9neau est accessible , pour ceux qui veulent progresser ou d\u00e9j\u00e0 exp\u00e9riment\u00e9s, Id\u00e9al pour se faire un \u00ab break d\u00e9tente \u00bb en milieu de semaine\u2026<\/h3>\n<p>&nbsp;<\/p>\n<blockquote>\n<h3 style=\"text-align: center;\"><span style=\"color: #000000;\"><strong>Entra\u00eenement libre<\/strong><\/span><\/h3>\n<h3 style=\"text-align: center;\"><span style=\"color: #000000;\"><strong> apres 20H45 jusqu\u2019\u00e0 environ 22H30.<\/strong><\/span><\/h3>\n<\/blockquote>\n<p style=\"text-align: center;\"><a href=\"http:\/\/tennis-de-table-saint-ave.fr\/wp-content\/uploads\/2022\/03\/Carte.png\" target=\"_blank\" rel=\"noopener\"><img loading=\"lazy\" decoding=\"async\" src=\"http:\/\/tennis-de-table-saint-ave.fr\/wp-content\/uploads\/2022\/03\/Carte-300x180.png\" alt=\"\" class=\"alignnone wp-image-130\" width=\"500\" height=\"300\" srcset=\"https:\/\/tennis-de-table-saint-ave.fr\/wp-content\/uploads\/2022\/03\/Carte-300x180.png 300w, https:\/\/tennis-de-table-saint-ave.fr\/wp-content\/uploads\/2022\/03\/Carte-768x462.png 768w, https:\/\/tennis-de-table-saint-ave.fr\/wp-content\/uploads\/2022\/03\/Carte.png 842w\" sizes=\"auto, (max-width: 500px) 100vw, 500px\" \/><\/a><\/p>\n<h3 style=\"text-align: center;\"><em>A note<\/em><em>r que l&rsquo;acc\u00e8s \u00e0 la salle Pierre Le Nouail se fait par l&rsquo;entr\u00e9e du \u00ab\u00a0club-house\u00a0\u00bb situ\u00e9e entre les deux salles omnisports.<\/em><\/h3>\n<hr \/>\n<h2 style=\"text-align: center;\">Les matchs de championnat \u00ab\u00a0s\u00e9nior\u00a0\u00bb<\/h2>\n<h3 style=\"text-align: center;\">Les rencontres se d\u00e9rouleront dans la salle David Vaillant salle gym1 et 2<\/h3>\n<h3 style=\"text-align: center;\">le Vendredi \u00e0 partir de 20H. Il n&rsquo;y a pas de rencontres syst\u00e9matiquement tous les vendredi soir pour cause de rencontre \u00e0 l&rsquo;ext\u00e9rieur ou parce que le WE est vacant<\/h3>\n<h3 style=\"text-align: center;\">au niveau des comp\u00e9titions par \u00e9quipes.<\/h3>\n<h5 style=\"text-align: center;\"><strong><a href=\"http:\/\/tennis-de-table-saint-ave.fr\/wp-content\/uploads\/2022\/03\/PageOuQuand.jpeg\" target=\"_blank\" rel=\"noopener\"><img loading=\"lazy\" decoding=\"async\" src=\"http:\/\/tennis-de-table-saint-ave.fr\/wp-content\/uploads\/2022\/03\/PageOuQuand-300x225.jpeg\" alt=\"\" class=\"alignnone wp-image-255\" width=\"500\" height=\"375\" srcset=\"https:\/\/tennis-de-table-saint-ave.fr\/wp-content\/uploads\/2022\/03\/PageOuQuand-300x225.jpeg 300w, https:\/\/tennis-de-table-saint-ave.fr\/wp-content\/uploads\/2022\/03\/PageOuQuand-1024x768.jpeg 1024w, https:\/\/tennis-de-table-saint-ave.fr\/wp-content\/uploads\/2022\/03\/PageOuQuand-768x576.jpeg 768w, https:\/\/tennis-de-table-saint-ave.fr\/wp-content\/uploads\/2022\/03\/PageOuQuand.jpeg 1280w\" sizes=\"auto, (max-width: 500px) 100vw, 500px\" \/><\/a><\/strong><\/h5>\n<h3 style=\"text-align: center;\"><strong>En dehors des dates de championnat,<\/strong><\/h3>\n<h3 style=\"text-align: center;\"><strong> il sera possible de s&rsquo;entrainer librement le vendredi soir \u00e0 partir de 20H00 jusqu&rsquo;\u00e0 22H00.<\/strong><\/h3>\n<h3 style=\"text-align: center;\">Pour faciliter les \u00e9changes entre les adh\u00e9rents\u00a0 la cr\u00e9ation d&rsquo;un groupe de contacts est en place via whatsApp.<\/h3>\n<hr \/>\n<h2 style=\"text-align: center;\">Important<\/h2>\n<h3 style=\"text-align: center;\">a partir de cette saison 25\/26 la pratique du tennis de table avec une licence dite promotionnelle (loisir),ou competition.<\/h3>\n<h3 style=\"text-align: center;\"><strong>POUR LES-de 40 ans un autoquestionnaire m\u00e9dical doit etre renseign\u00e9<\/strong><\/h3>\n<h3>(si\u00a0 une r\u00e9ponse est n\u00e9gative cela vous oblige \u00e0 consulter votre m\u00e9decin afin d&rsquo;obtenir un certificat m\u00e9dical.)<\/h3>\n<h3>A partir de 40 ANS il faut un certificat m\u00e9dical tous les 5 ans donc (40,45,50,55,60,65,70&#8230;.)et renseigner l&rsquo;auto-questionnaire m\u00e9dical en dehors ces annees.<\/h3>\n<h3><\/h3>\n<h3><\/h3>\n<p>&nbsp;<\/p>\n<p>&nbsp;<\/p>\n<p>&nbsp;<\/p>\n<p>&nbsp;<\/p>\n<p>&nbsp;<\/p>\n<p>&nbsp;<\/p>\n<h3 style=\"text-align: center;\"><img loading=\"lazy\" decoding=\"async\" src=\"http:\/\/tennis-de-table-saint-ave.fr\/wp-content\/uploads\/2022\/03\/LogoBandeauSite-300x82.png\" alt=\"\" class=\"alignnone size-medium wp-image-71 aligncenter\" width=\"300\" height=\"82\" srcset=\"https:\/\/tennis-de-table-saint-ave.fr\/wp-content\/uploads\/2022\/03\/LogoBandeauSite-300x82.png 300w, https:\/\/tennis-de-table-saint-ave.fr\/wp-content\/uploads\/2022\/03\/LogoBandeauSite.png 587w\" sizes=\"auto, (max-width: 300px) 100vw, 300px\" \/><\/h3>\n","protected":false},"excerpt":{"rendered":"<p>Les entra\u00eenements dirig\u00e9s hors vacances scolaires Ils se d\u00e9roulent le Mercredi \u00e0 partir de 18H15 dans la salle \u00ab\u00a0Pierre Le Nouail\u00a0\u00bb (la salle du bas \u00e0 c\u00f4t\u00e9 du terrain de football). Ils seront encadr\u00e9s par des membres du club De 18H15 \u00e0 19H45 ouverts \u00e0 tous les jeunes, (\u00e0 partir [&hellip;]<\/p>\n","protected":false},"author":1,"featured_media":255,"parent":0,"menu_order":0,"comment_status":"closed","ping_status":"closed","template":"","meta":{"footnotes":""},"class_list":["post-90","page","type-page","status-publish","has-post-thumbnail","hentry"],"_links":{"self":[{"href":"https:\/\/tennis-de-table-saint-ave.fr\/index.php\/wp-json\/wp\/v2\/pages\/90","targetHints":{"allow":["GET"]}}],"collection":[{"href":"https:\/\/tennis-de-table-saint-ave.fr\/index.php\/wp-json\/wp\/v2\/pages"}],"about":[{"href":"https:\/\/tennis-de-table-saint-ave.fr\/index.php\/wp-json\/wp\/v2\/types\/page"}],"author":[{"embeddable":true,"href":"https:\/\/tennis-de-table-saint-ave.fr\/index.php\/wp-json\/wp\/v2\/users\/1"}],"replies":[{"embeddable":true,"href":"https:\/\/tennis-de-table-saint-ave.fr\/index.php\/wp-json\/wp\/v2\/comments?post=90"}],"version-history":[{"count":32,"href":"https:\/\/tennis-de-table-saint-ave.fr\/index.php\/wp-json\/wp\/v2\/pages\/90\/revisions"}],"predecessor-version":[{"id":128,"href":"https:\/\/tennis-de-table-saint-ave.fr\/index.php\/wp-json\/wp\/v2\/pages\/90\/revisions\/128"}],"wp:featuredmedia":[{"embeddable":true,"href":"https:\/\/tennis-de-table-saint-ave.fr\/index.php\/wp-json\/wp\/v2\/media\/255"}],"wp:attachment":[{"href":"https:\/\/tennis-de-table-saint-ave.fr\/index.php\/wp-json\/wp\/v2\/media?parent=90"}],"curies":[{"name":"wp","href":"https:\/\/api.w.org\/{rel}","templated":true}]}}