{"id":58,"date":"2022-03-09T21:20:14","date_gmt":"2022-03-09T20:20:14","guid":{"rendered":"http:\/\/tennis-de-table-saint-ave.fr\/?page_id=58"},"modified":"2025-09-03T11:33:20","modified_gmt":"2025-09-03T09:33:20","slug":"le-club","status":"publish","type":"page","link":"https:\/\/tennis-de-table-saint-ave.fr\/index.php\/le-club\/","title":{"rendered":"Le club de Saint-Av\u00e9"},"content":{"rendered":"<h2 style=\"text-align: center;\">Le Ping&rsquo; pour qui?<\/h2>\n<h3 style=\"text-align: center;\">Nous regroupions 52 adh\u00e9rents la saison pass\u00e9e: les jeunes \u00e0 partir de 10 \u00e0 11 ans, les adultes, comp\u00e9titeurs ou comp\u00e9titrices mais aussi toute personne qui souhaite taquiner la balle en mode \u00ab\u00a0loisir\u00a0\u00bb et s&rsquo;offrir un break au milieu de la semaine de travail&#8230; Nous accueillons tous les publics, du pongiste d\u00e9butant ou amateur au pongiste confirm\u00e9 d\u00e9sireux d&rsquo;\u00e9voluer en championnat.<\/h3>\n<p>&nbsp;<\/p>\n<h2 style=\"text-align: center;\">Nos valeurs<\/h2>\n<p style=\"text-align: center;\"><strong>Notre club est une structure modeste au regard d&rsquo;autres structures du bassin vannetais et du d\u00e9partement. Mais nous avons toujours voulu maintenir sur la commune l&rsquo;activit\u00e9 pongiste et souhaitons avant tout pouvoir offrir aux av\u00e9ennes et av\u00e9ens la pratique du ping&rsquo; \u00e0 cot\u00e9 de chez eux, dans un cadre convivial, et ce, peu importe le niveau&#8230; Mais\u00a0 nos adh\u00e9rent(e)s ne sont d&rsquo;ailleurs pas tous de Saint-Av\u00e9 mais issu(e)s \u00e9galement de communes limitrophes. Nous mettons tout en oeuvre pour que le club conserve ses valeurs d&rsquo;accueil, de respect et d&rsquo;entente sportive!<\/strong><\/p>\n<h2 style=\"text-align: center;\">Un peu d&rsquo;histoire<\/h2>\n<h3 style=\"text-align: center;\">Le club de Tennis de Table de Saint-Av\u00e9 est l&rsquo;une des plus anciennes associations sportives de la commune&#8230; Il est affili\u00e9 \u00e0 l&rsquo;\u00c9toile Sportive de Saint-Av\u00e9 (ESSA). Les premiers coups de raquettes ont \u00e9t\u00e9 donn\u00e9s dans les ann\u00e9es 80 et depuis, nous nous effor\u00e7ons de maintenir sur la commune l&rsquo;activit\u00e9 pongiste! La commune de Saint-Av\u00e9 est riche d&rsquo;un tissu associatif exceptionnel et nous sommes fiers d&rsquo;y contribuer. Le club est exclusivement g\u00e9r\u00e9 par des personnes b\u00e9n\u00e9voles qui donnent de leur temps pour le faire vivre&#8230;<\/h3>\n<h2 style=\"text-align: center;\">Le bureau<\/h2>\n<ul>\n<li style=\"text-align: center;\"><strong>Pr\u00e9sident : Guillaume.BAUCH\u00c9<\/strong><\/li>\n<li style=\"text-align: center;\"><strong>Secr\u00e9taire : G\u00e9rard.GARO<\/strong><\/li>\n<li style=\"text-align: center;\"><strong>Tr\u00e9soriere : Camille STELLEMAN<\/strong><\/li>\n<li>\u00a0 \u00a0 \u00a0 \u00a0 \u00a0 \u00a0 \u00a0 \u00a0 \u00a0 \u00a0 \u00a0 \u00a0 \u00a0 \u00a0 \u00a0 \u00a0 \u00a0 \u00a0 \u00a0 \u00a0 \u00a0 \u00a0 \u00a0 \u00a0 \u00a0 \u00a0 \u00a0 \u00a0 \u00a0 \u00a0 \u00a0Tr\u00e9soriere adjointe :Noelle Fabre Madec<\/li>\n<li style=\"text-align: center;\"><strong>Encadrant technique et p\u00e9dagogique: G.BAUCH\u00c9<\/strong><\/li>\n<li style=\"text-align: center;\"><strong>Logistique mat\u00e9rielle: N.ROC<\/strong><\/li>\n<li style=\"text-align: center;\"><strong>Communication :Le bureau<\/strong><\/li>\n<li style=\"text-align: center;\"><\/li>\n<\/ul>\n<hr \/>\n<p><img loading=\"lazy\" decoding=\"async\" src=\"http:\/\/tennis-de-table-saint-ave.fr\/wp-content\/uploads\/2022\/03\/LogoBandeauSite-300x82.png\" alt=\"\" class=\"size-medium wp-image-71 aligncenter\" width=\"300\" height=\"82\" srcset=\"https:\/\/tennis-de-table-saint-ave.fr\/wp-content\/uploads\/2022\/03\/LogoBandeauSite-300x82.png 300w, https:\/\/tennis-de-table-saint-ave.fr\/wp-content\/uploads\/2022\/03\/LogoBandeauSite.png 587w\" sizes=\"auto, (max-width: 300px) 100vw, 300px\" \/><\/p>\n","protected":false},"excerpt":{"rendered":"<p>Le Ping&rsquo; pour qui? Nous regroupions 52 adh\u00e9rents la saison pass\u00e9e: les jeunes \u00e0 partir de 10 \u00e0 11 ans, les adultes, comp\u00e9titeurs ou comp\u00e9titrices mais aussi toute personne qui souhaite taquiner la balle en mode \u00ab\u00a0loisir\u00a0\u00bb et s&rsquo;offrir un break au milieu de la semaine de travail&#8230; Nous accueillons [&hellip;]<\/p>\n","protected":false},"author":1,"featured_media":52,"parent":0,"menu_order":0,"comment_status":"closed","ping_status":"closed","template":"","meta":{"footnotes":""},"class_list":["post-58","page","type-page","status-publish","has-post-thumbnail","hentry"],"_links":{"self":[{"href":"https:\/\/tennis-de-table-saint-ave.fr\/index.php\/wp-json\/wp\/v2\/pages\/58","targetHints":{"allow":["GET"]}}],"collection":[{"href":"https:\/\/tennis-de-table-saint-ave.fr\/index.php\/wp-json\/wp\/v2\/pages"}],"about":[{"href":"https:\/\/tennis-de-table-saint-ave.fr\/index.php\/wp-json\/wp\/v2\/types\/page"}],"author":[{"embeddable":true,"href":"https:\/\/tennis-de-table-saint-ave.fr\/index.php\/wp-json\/wp\/v2\/users\/1"}],"replies":[{"embeddable":true,"href":"https:\/\/tennis-de-table-saint-ave.fr\/index.php\/wp-json\/wp\/v2\/comments?post=58"}],"version-history":[{"count":38,"href":"https:\/\/tennis-de-table-saint-ave.fr\/index.php\/wp-json\/wp\/v2\/pages\/58\/revisions"}],"predecessor-version":[{"id":512,"href":"https:\/\/tennis-de-table-saint-ave.fr\/index.php\/wp-json\/wp\/v2\/pages\/58\/revisions\/512"}],"wp:featuredmedia":[{"embeddable":true,"href":"https:\/\/tennis-de-table-saint-ave.fr\/index.php\/wp-json\/wp\/v2\/media\/52"}],"wp:attachment":[{"href":"https:\/\/tennis-de-table-saint-ave.fr\/index.php\/wp-json\/wp\/v2\/media?parent=58"}],"curies":[{"name":"wp","href":"https:\/\/api.w.org\/{rel}","templated":true}]}}