{"id":143,"date":"2022-03-10T15:35:27","date_gmt":"2022-03-10T14:35:27","guid":{"rendered":"http:\/\/tennis-de-table-saint-ave.fr\/?page_id=143"},"modified":"2025-09-03T10:22:37","modified_gmt":"2025-09-03T08:22:37","slug":"les-competitions-individuelles","status":"publish","type":"page","link":"https:\/\/tennis-de-table-saint-ave.fr\/index.php\/les-competitions-individuelles\/","title":{"rendered":"Les Comp\u00e9titions Individuelles"},"content":{"rendered":"<h2 style=\"text-align: center;\">Crit\u00e9rium F\u00e9d\u00e9ral en Individuel<\/h2>\n<h6 style=\"text-align: center;\"><strong>Le crit\u00e9rium individuel est r\u00e9serv\u00e9 aux titulaires d&rsquo;un licence traditionnelle. Il s&rsquo;\u00e9tale sur l&rsquo;ann\u00e9e sportive tant au niveau d\u00e9partemental que r\u00e9gional ou national. Il est bas\u00e9 sur un principe de \u00ab\u00a0mont\u00e9e-descente\u00a0\u00bb en fonction du classement obtenu lors de chaque \u00e9preuve. Une inscription est pr\u00e9vue en d\u00e9but de chaque saison sportive et la participation \u00e0 l&rsquo;ensemble des tours du crit\u00e9rium est requise.<\/strong><\/h6>\n<blockquote>\n<h5><strong><span style=\"color: #000000;\">Toute absence \u00e0 l&rsquo;un des tours doit \u00eatre motiv\u00e9e: motif de sant\u00e9 ou imp\u00e9rieux.<\/span><\/strong><\/h5>\n<\/blockquote>\n<ul style=\"text-align: center;\">\n<li>\n<h5><strong><span style=\"color: #000000;\">Pour les\u00a0 -18 ans: le Samedi \u00e0 partir de 13H30<\/span><\/strong><\/h5>\n<\/li>\n<li>\n<h5><strong><span style=\"color: #000000;\">Pour les +18 ans: le Dimanche \u00e0 partir de 9H00<\/span><\/strong><\/h5>\n<\/li>\n<\/ul>\n<h5 style=\"text-align: center;\"><strong><span style=\"color: #000000;\">Calendrier d\u00e9partemental pour la saison 2025\/2026<\/span><\/strong><\/h5>\n<h5 style=\"text-align: center;\"><strong><span style=\"color: #000000;\">En attente des dates<\/span><\/strong><\/h5>\n<h2 style=\"text-align: center;\"><strong>Championnat du Morbihan<\/strong><\/h2>\n<p style=\"text-align: center;\"><strong>\u00a0<\/strong><\/p>\n<h5 style=\"text-align: center;\"><strong><a href=\"http:\/\/f2.quomodo.com\/EF08A6E1\/uploads\/3511\/REGLEMENT%20CHPT%20MORBIHAN%202022%20VANNES.pdf\" target=\"_blank\" rel=\"noopener\">R\u00e8glement du championnat du Morbihan<\/a><\/strong><\/h5>\n<hr \/>\n<p style=\"text-align: center;\"><img loading=\"lazy\" decoding=\"async\" src=\"http:\/\/tennis-de-table-saint-ave.fr\/wp-content\/uploads\/2022\/03\/LogoBandeauSite-300x82.png\" alt=\"\" class=\"size-medium wp-image-71 aligncenter\" width=\"300\" height=\"82\" srcset=\"https:\/\/tennis-de-table-saint-ave.fr\/wp-content\/uploads\/2022\/03\/LogoBandeauSite-300x82.png 300w, https:\/\/tennis-de-table-saint-ave.fr\/wp-content\/uploads\/2022\/03\/LogoBandeauSite.png 587w\" sizes=\"auto, (max-width: 300px) 100vw, 300px\" \/><\/p>\n","protected":false},"excerpt":{"rendered":"<p>Crit\u00e9rium F\u00e9d\u00e9ral en Individuel Le crit\u00e9rium individuel est r\u00e9serv\u00e9 aux titulaires d&rsquo;un licence traditionnelle. Il s&rsquo;\u00e9tale sur l&rsquo;ann\u00e9e sportive tant au niveau d\u00e9partemental que r\u00e9gional ou national. Il est bas\u00e9 sur un principe de \u00ab\u00a0mont\u00e9e-descente\u00a0\u00bb en fonction du classement obtenu lors de chaque \u00e9preuve. Une inscription est pr\u00e9vue en d\u00e9but [&hellip;]<\/p>\n","protected":false},"author":1,"featured_media":0,"parent":0,"menu_order":0,"comment_status":"closed","ping_status":"closed","template":"","meta":{"footnotes":""},"class_list":["post-143","page","type-page","status-publish","hentry"],"_links":{"self":[{"href":"https:\/\/tennis-de-table-saint-ave.fr\/index.php\/wp-json\/wp\/v2\/pages\/143","targetHints":{"allow":["GET"]}}],"collection":[{"href":"https:\/\/tennis-de-table-saint-ave.fr\/index.php\/wp-json\/wp\/v2\/pages"}],"about":[{"href":"https:\/\/tennis-de-table-saint-ave.fr\/index.php\/wp-json\/wp\/v2\/types\/page"}],"author":[{"embeddable":true,"href":"https:\/\/tennis-de-table-saint-ave.fr\/index.php\/wp-json\/wp\/v2\/users\/1"}],"replies":[{"embeddable":true,"href":"https:\/\/tennis-de-table-saint-ave.fr\/index.php\/wp-json\/wp\/v2\/comments?post=143"}],"version-history":[{"count":13,"href":"https:\/\/tennis-de-table-saint-ave.fr\/index.php\/wp-json\/wp\/v2\/pages\/143\/revisions"}],"predecessor-version":[{"id":510,"href":"https:\/\/tennis-de-table-saint-ave.fr\/index.php\/wp-json\/wp\/v2\/pages\/143\/revisions\/510"}],"wp:attachment":[{"href":"https:\/\/tennis-de-table-saint-ave.fr\/index.php\/wp-json\/wp\/v2\/media?parent=143"}],"curies":[{"name":"wp","href":"https:\/\/api.w.org\/{rel}","templated":true}]}}