{"id":102,"date":"2022-03-10T12:17:52","date_gmt":"2022-03-10T11:17:52","guid":{"rendered":"http:\/\/tennis-de-table-saint-ave.fr\/?page_id=102"},"modified":"2025-09-02T12:03:41","modified_gmt":"2025-09-02T10:03:41","slug":"le-circuit-jeune","status":"publish","type":"page","link":"https:\/\/tennis-de-table-saint-ave.fr\/index.php\/le-circuit-jeune\/","title":{"rendered":"Le Circuit Jeune"},"content":{"rendered":"<div id=\"templateIframe\">\n<div class=\"templatePageHeader\" data-id=\"component_Header\">\n<div class=\"templatePageContentHeader\">\n<div class=\"boxLandmark \">\n<div id=\"box23712446\" class=\"box\" data-type=\"text\">\n<div>\n<div class=\"overflowHidden height100\">\n<h2 style=\"text-align: center;\">A qui s&rsquo;adresse le \u00ab\u00a0Circuit Jeune\u00a0\u00bb?<\/h2>\n<h4 style=\"text-align: center;\"><strong>Le circuit Jeune est une comp\u00e9tition de d\u00e9couverte. Elle est r\u00e9serv\u00e9e aux jeunes pongistes titulaires d&rsquo;une licence \u00ab\u00a0promotionnelle\u00a0\u00bb. La participation au Circuit Jeune est limit\u00e9e \u00e0 deux ans. Tous nos plus jeunes pongistes av\u00e9ens peuvent donc y participer&#8230; C&rsquo;est avant tout une premi\u00e8re exp\u00e9rience de d\u00e9couverte de la comp\u00e9tition destin\u00e9e \u00e0 stimuler son envie de Ping&rsquo;.<\/strong><\/h4>\n<h2 style=\"text-align: center;\">Quand, o\u00f9?<\/h2>\n<h4 style=\"text-align: center;\">Le Circuit Jeune s&rsquo;\u00e9tale sur toute la saison sportive, \u00e0 raison de 4 \u00e0 5 Samedi.La participation \u00e0 l&rsquo;ensemble des rendez-vous n&rsquo;est pas obligatoire mais il convient au pr\u00e9alable de s&rsquo;inscrire \u00e0 chaque manifestation du calendrier.<\/h4>\n<h4 style=\"text-align: center;\">Bien entendu, il est possible de participer \u00e0 l&rsquo;ensemble des \u00e9preuves sur inscription. Les \u00e9preuves se tiennent sur l&rsquo;ensemble du d\u00e9partement.Il convient donc aux familles de s&rsquo;organiser sur le plan logistique et du transport&#8230; Certaines phases se d\u00e9roulent notamment dans le Pays Lorientais ou de Pontivy.<\/h4>\n<h4 style=\"text-align: center;\">Nous nous tenons bien entendu \u00e0 votre disposition pour toute information compl\u00e9mentaire.<\/h4>\n<h2 style=\"text-align: center;\">Circuit Jeune 2025\/2026<\/h2>\n<\/div>\n<p>&nbsp;<\/p>\n<div class=\"overflowHidden height100\">\n<ul style=\"text-align: center;\">\n<li>\n<h4>Dates \u00e0 venir<\/h4>\n<\/li>\n<\/ul>\n<\/div>\n<\/div>\n<\/div>\n<\/div>\n<\/div>\n<\/div>\n<\/div>\n<hr \/>\n<p><img loading=\"lazy\" decoding=\"async\" src=\"http:\/\/tennis-de-table-saint-ave.fr\/wp-content\/uploads\/2022\/03\/LogoBandeauSite-300x82.png\" alt=\"\" class=\"size-medium wp-image-71 aligncenter\" width=\"300\" height=\"82\" srcset=\"https:\/\/tennis-de-table-saint-ave.fr\/wp-content\/uploads\/2022\/03\/LogoBandeauSite-300x82.png 300w, https:\/\/tennis-de-table-saint-ave.fr\/wp-content\/uploads\/2022\/03\/LogoBandeauSite.png 587w\" sizes=\"auto, (max-width: 300px) 100vw, 300px\" \/><\/p>\n","protected":false},"excerpt":{"rendered":"<p>A qui s&rsquo;adresse le \u00ab\u00a0Circuit Jeune\u00a0\u00bb? Le circuit Jeune est une comp\u00e9tition de d\u00e9couverte. Elle est r\u00e9serv\u00e9e aux jeunes pongistes titulaires d&rsquo;une licence \u00ab\u00a0promotionnelle\u00a0\u00bb. La participation au Circuit Jeune est limit\u00e9e \u00e0 deux ans. Tous nos plus jeunes pongistes av\u00e9ens peuvent donc y participer&#8230; C&rsquo;est avant tout une premi\u00e8re exp\u00e9rience [&hellip;]<\/p>\n","protected":false},"author":1,"featured_media":0,"parent":0,"menu_order":0,"comment_status":"closed","ping_status":"closed","template":"","meta":{"footnotes":""},"class_list":["post-102","page","type-page","status-publish","hentry"],"_links":{"self":[{"href":"https:\/\/tennis-de-table-saint-ave.fr\/index.php\/wp-json\/wp\/v2\/pages\/102","targetHints":{"allow":["GET"]}}],"collection":[{"href":"https:\/\/tennis-de-table-saint-ave.fr\/index.php\/wp-json\/wp\/v2\/pages"}],"about":[{"href":"https:\/\/tennis-de-table-saint-ave.fr\/index.php\/wp-json\/wp\/v2\/types\/page"}],"author":[{"embeddable":true,"href":"https:\/\/tennis-de-table-saint-ave.fr\/index.php\/wp-json\/wp\/v2\/users\/1"}],"replies":[{"embeddable":true,"href":"https:\/\/tennis-de-table-saint-ave.fr\/index.php\/wp-json\/wp\/v2\/comments?post=102"}],"version-history":[{"count":11,"href":"https:\/\/tennis-de-table-saint-ave.fr\/index.php\/wp-json\/wp\/v2\/pages\/102\/revisions"}],"predecessor-version":[{"id":505,"href":"https:\/\/tennis-de-table-saint-ave.fr\/index.php\/wp-json\/wp\/v2\/pages\/102\/revisions\/505"}],"wp:attachment":[{"href":"https:\/\/tennis-de-table-saint-ave.fr\/index.php\/wp-json\/wp\/v2\/media?parent=102"}],"curies":[{"name":"wp","href":"https:\/\/api.w.org\/{rel}","templated":true}]}}