{"id":100,"date":"2022-03-10T12:17:32","date_gmt":"2022-03-10T11:17:32","guid":{"rendered":"http:\/\/tennis-de-table-saint-ave.fr\/?page_id=100"},"modified":"2025-09-02T11:56:27","modified_gmt":"2025-09-02T09:56:27","slug":"competitions","status":"publish","type":"page","link":"https:\/\/tennis-de-table-saint-ave.fr\/index.php\/competitions\/","title":{"rendered":"Comp\u00e9titions"},"content":{"rendered":"<h3 style=\"text-align: center;\">Le club engage pour la saison 2025\/2026 deux \u00e9quipes (2 D3 et peut-etre une autre en D4 sur la phase2)dans le championnat d\u00e9partemental s\u00e9nior. Les rencontres se d\u00e9roulent le Vendredi soir \u00e0 20H30. Pour les rencontres \u00e0 \u00ab\u00a0domicile\u00a0\u00bb, elles se tiendront dans la salle \u00ab\u00a0David Vaillant\u00a0\u00bba droite du Dome(couloir a droite dans les salles\u00a0 gym1et 2)<\/h3>\n<h3 style=\"text-align: center;\"><\/h3>\n<p style=\"text-align: center;\"><a href=\"http:\/\/tennis-de-table-saint-ave.fr\/wp-content\/uploads\/2022\/03\/Carte.png\" target=\"_blank\" rel=\"noopener\"><img loading=\"lazy\" decoding=\"async\" src=\"http:\/\/tennis-de-table-saint-ave.fr\/wp-content\/uploads\/2022\/03\/Carte-300x180.png\" alt=\"\" class=\"alignnone wp-image-130\" width=\"500\" height=\"300\" srcset=\"https:\/\/tennis-de-table-saint-ave.fr\/wp-content\/uploads\/2022\/03\/Carte-300x180.png 300w, https:\/\/tennis-de-table-saint-ave.fr\/wp-content\/uploads\/2022\/03\/Carte-768x462.png 768w, https:\/\/tennis-de-table-saint-ave.fr\/wp-content\/uploads\/2022\/03\/Carte.png 842w\" sizes=\"auto, (max-width: 500px) 100vw, 500px\" \/><\/a><\/p>\n<p style=\"text-align: center;\">Pour les rencontres \u00e0 l&rsquo;ext\u00e9rieur, il convient de pr\u00e9voir le temps de trajet qui peut \u00eatre plus ou moins long en fonction du club rencontr\u00e9. Nous tentons dans la mesure du possible d&rsquo;\u00e9quilibrer les trajets pour que chaque comp\u00e9titeur puisse participer au transport de son \u00e9quipe.<\/p>\n<p style=\"text-align: center;\"><a href=\"http:\/\/tennis-de-table-saint-ave.fr\/index.php\/lequipe-1-d3\/\" target=\"_blank\" rel=\"noopener\">Suivre l&rsquo;\u00e9quipe 1 en D3<\/a><\/p>\n<p style=\"text-align: center;\"><a href=\"https:\/\/tennis-de-table-saint-ave.fr\/index.php\/lequipe-2-d3\/\">Suivre l&rsquo;\u00e9quipe 2 en D3<\/a><\/p>\n<p>&nbsp;<\/p>\n<blockquote><\/blockquote>\n<p>&nbsp;<\/p>\n<p><img loading=\"lazy\" decoding=\"async\" src=\"https:\/\/tennis-de-table-saint-ave.fr\/wp-content\/uploads\/2023\/08\/IMG_4246-1024x768.jpg\" alt=\"\" width=\"750\" height=\"563\" class=\"aligncenter wp-image-408 size-large\" srcset=\"https:\/\/tennis-de-table-saint-ave.fr\/wp-content\/uploads\/2023\/08\/IMG_4246-1024x768.jpg 1024w, https:\/\/tennis-de-table-saint-ave.fr\/wp-content\/uploads\/2023\/08\/IMG_4246-300x225.jpg 300w, https:\/\/tennis-de-table-saint-ave.fr\/wp-content\/uploads\/2023\/08\/IMG_4246-768x576.jpg 768w, https:\/\/tennis-de-table-saint-ave.fr\/wp-content\/uploads\/2023\/08\/IMG_4246-1536x1152.jpg 1536w, https:\/\/tennis-de-table-saint-ave.fr\/wp-content\/uploads\/2023\/08\/IMG_4246-2048x1536.jpg 2048w\" sizes=\"auto, (max-width: 750px) 100vw, 750px\" \/><\/p>\n<hr \/>\n<p><img loading=\"lazy\" decoding=\"async\" src=\"http:\/\/tennis-de-table-saint-ave.fr\/wp-content\/uploads\/2022\/03\/LogoBandeauSite-300x82.png\" alt=\"\" class=\"size-medium wp-image-71 aligncenter\" width=\"300\" height=\"82\" srcset=\"https:\/\/tennis-de-table-saint-ave.fr\/wp-content\/uploads\/2022\/03\/LogoBandeauSite-300x82.png 300w, https:\/\/tennis-de-table-saint-ave.fr\/wp-content\/uploads\/2022\/03\/LogoBandeauSite.png 587w\" sizes=\"auto, (max-width: 300px) 100vw, 300px\" \/><\/p>\n","protected":false},"excerpt":{"rendered":"<p>Le club engage pour la saison 2025\/2026 deux \u00e9quipes (2 D3 et peut-etre une autre en D4 sur la phase2)dans le championnat d\u00e9partemental s\u00e9nior. Les rencontres se d\u00e9roulent le Vendredi soir \u00e0 20H30. Pour les rencontres \u00e0 \u00ab\u00a0domicile\u00a0\u00bb, elles se tiendront dans la salle \u00ab\u00a0David Vaillant\u00a0\u00bba droite du Dome(couloir a [&hellip;]<\/p>\n","protected":false},"author":1,"featured_media":245,"parent":0,"menu_order":0,"comment_status":"closed","ping_status":"closed","template":"","meta":{"footnotes":""},"class_list":["post-100","page","type-page","status-publish","has-post-thumbnail","hentry"],"_links":{"self":[{"href":"https:\/\/tennis-de-table-saint-ave.fr\/index.php\/wp-json\/wp\/v2\/pages\/100","targetHints":{"allow":["GET"]}}],"collection":[{"href":"https:\/\/tennis-de-table-saint-ave.fr\/index.php\/wp-json\/wp\/v2\/pages"}],"about":[{"href":"https:\/\/tennis-de-table-saint-ave.fr\/index.php\/wp-json\/wp\/v2\/types\/page"}],"author":[{"embeddable":true,"href":"https:\/\/tennis-de-table-saint-ave.fr\/index.php\/wp-json\/wp\/v2\/users\/1"}],"replies":[{"embeddable":true,"href":"https:\/\/tennis-de-table-saint-ave.fr\/index.php\/wp-json\/wp\/v2\/comments?post=100"}],"version-history":[{"count":21,"href":"https:\/\/tennis-de-table-saint-ave.fr\/index.php\/wp-json\/wp\/v2\/pages\/100\/revisions"}],"predecessor-version":[{"id":503,"href":"https:\/\/tennis-de-table-saint-ave.fr\/index.php\/wp-json\/wp\/v2\/pages\/100\/revisions\/503"}],"wp:featuredmedia":[{"embeddable":true,"href":"https:\/\/tennis-de-table-saint-ave.fr\/index.php\/wp-json\/wp\/v2\/media\/245"}],"wp:attachment":[{"href":"https:\/\/tennis-de-table-saint-ave.fr\/index.php\/wp-json\/wp\/v2\/media?parent=100"}],"curies":[{"name":"wp","href":"https:\/\/api.w.org\/{rel}","templated":true}]}}